{"id":91,"date":"2019-02-07T23:38:22","date_gmt":"2019-02-07T23:38:22","guid":{"rendered":"http:\/\/grounding.bleuer.com\/?page_id=91"},"modified":"2019-02-07T23:38:22","modified_gmt":"2019-02-07T23:38:22","slug":"guestbook","status":"publish","type":"page","link":"http:\/\/www.swissair-grounding.net\/index.php\/guestbook\/","title":{"rendered":"Guestbook"},"content":{"rendered":"<div class=\"gwolle-gb\"><div class=\"gwolle_gb_messages_top_container\"><\/div>\n\t\t\t<div class=\"gwolle-gb-write-button\">\n\t\t\t\t<input type=\"button\" name=\"gwolle-gb-write-button\" class=\"button btn btn-default \" value=\"Neuen Eintrag schreiben\" \/>\n\t\t\t<\/div>\n\t\t\t<form action=\"#\" method=\"POST\" class=\"gwolle-gb-write gwolle-gb-hide gwolle-gb-float gwolle_gb_form_ajax gwolle-gb-form-ajax gwolle-gb-ajax gwolle-gb-not-logged-in\">\n\t\t\t\t<h3>Schreiben \/ Write<\/h3>\n\t\t\t\t<button type=\"button\" class=\"gb-notice-dismiss\">x<span class=\"screen-reader-text\">Hide this form.<\/span><\/button>\n\t\t\t\n\t\t\t\t<input type=\"hidden\" name=\"gwolle_gb_function\" class=\"gwolle_gb_function\" value=\"add_entry\" \/><input type=\"hidden\" name=\"gwolle_gb_book_id\" class=\"gwolle_gb_book_id\" value=\"1\" \/><div class=\"gwolle_gb_67618c9ad4dbf78511a582f36139885b\">\n\t\t\t\t<div class=\"label\"><label for=\"gwolle_gb_67618c9ad4dbf78511a582f36139885b\" class=\"text-info\">Name <span class=\"required\">*<\/span><\/label><\/div>\n\t\t\t\t<div class=\"input\"><input class=\"wp-exclude-emoji gwolle_gb_67618c9ad4dbf78511a582f36139885b\" value=\"\" type=\"text\" name=\"gwolle_gb_67618c9ad4dbf78511a582f36139885b\" required \/><\/div>\n\t\t\t\t<div class=\"clearBoth\">&nbsp;<\/div>\n\t\t\t<\/div><div class=\"gwolle_gb_c8d4ddda3990b65d2802d6e4b4c50292\">\n\t\t\t\t<div class=\"label\"><label for=\"gwolle_gb_c8d4ddda3990b65d2802d6e4b4c50292\" class=\"text-info\">E\u2013Mail <span class=\"required\">*<\/span><\/label><\/div>\n\t\t\t\t<div class=\"input\"><input class=\"gwolle_gb_c8d4ddda3990b65d2802d6e4b4c50292\" value=\"\" type=\"email\" name=\"gwolle_gb_c8d4ddda3990b65d2802d6e4b4c50292\" required \/><\/div>\n\t\t\t\t<div class=\"clearBoth\">&nbsp;<\/div>\n\t\t\t<\/div><div class=\"gwolle_gb_04ffb393ba73ed6a0a28f148dbb114c6\">\n\t\t\t\t<div class=\"label\"><label for=\"gwolle_gb_04ffb393ba73ed6a0a28f148dbb114c6\" class=\"text-info\">Website<\/label><\/div>\n\t\t\t\t<div class=\"input\"><input class=\"gwolle_gb_04ffb393ba73ed6a0a28f148dbb114c6\" value=\"\" type=\"url\" name=\"gwolle_gb_04ffb393ba73ed6a0a28f148dbb114c6\" \/><\/div>\n\t\t\t\t<div class=\"clearBoth\">&nbsp;<\/div>\n\t\t\t<\/div>\n\t\t\t<div class=\"gwolle_gb_d47f8a96e806fa5a545034af70ef685b\" style=\"display:none;\">\n\t\t\t\t<div class=\"label\">\n\t\t\t\t\t<label for=\"gwolle_gb_d47f8a96e806fa5a545034af70ef685b\" class=\"text-primary\">Do not touch this<\/label>\n\t\t\t\t\t<label for=\"gwolle_gb_c59e357bbf4bb61b74ede7d827396a1f\" class=\"text-primary\">Do not touch this<\/label>\n\t\t\t\t<\/div>\n\t\t\t\t<div class=\"input\">\n\t\t\t\t\t<input value=\"85\" type=\"text\" name=\"gwolle_gb_d47f8a96e806fa5a545034af70ef685b\" class=\"gwolle_gb_d47f8a96e806fa5a545034af70ef685b\" \/>\n\t\t\t\t\t<input value=\"\" type=\"text\" name=\"gwolle_gb_c59e357bbf4bb61b74ede7d827396a1f\" class=\"gwolle_gb_c59e357bbf4bb61b74ede7d827396a1f\" \/>\n\t\t\t\t<\/div>\n\t\t\t\t<div class=\"clearBoth\"><\/div>\n\t\t\t<\/div>\n\t\t\t<div class=\"gwolle_gb_dfc0c20fae11d7e8151e5b00076c1af1\" style=\"display:none;\">\n\t\t\t\t<div class=\"label\">\n\t\t\t\t\t<label for=\"gwolle_gb_dfc0c20fae11d7e8151e5b00076c1af1\" class=\"text-primary\">Do not touch this<\/label>\n\t\t\t\t\t<label for=\"gwolle_gb_8202c8252089707a1a881c6ecf1f7f6a\" class=\"text-primary\">Do not touch this<\/label>\n\t\t\t\t<\/div>\n\t\t\t\t<div class=\"input\">\n\t\t\t\t\t<input value=\"38954\" type=\"text\" name=\"gwolle_gb_dfc0c20fae11d7e8151e5b00076c1af1\" class=\"gwolle_gb_dfc0c20fae11d7e8151e5b00076c1af1\" \/>\n\t\t\t\t\t<input value=\"38954\" type=\"text\" name=\"gwolle_gb_8202c8252089707a1a881c6ecf1f7f6a\" class=\"gwolle_gb_8202c8252089707a1a881c6ecf1f7f6a\" \/>\n\t\t\t\t<\/div>\n\t\t\t\t<div class=\"clearBoth\"><\/div>\n\t\t\t<\/div><div class=\"gwolle_gb_content\">\n\t\t\t\t<div class=\"label\"><label for=\"gwolle_gb_content\" class=\"text-info\">G\u00e4stebucheintrag <span class=\"required\">*<\/span><\/label><\/div>\n\t\t\t\t<div class=\"input\"><textarea name=\"gwolle_gb_content\" class=\"gwolle_gb_content wp-exclude-emoji\" required ><\/textarea><\/div>\n\t\t\t\t\t<div class=\"clearBoth\">&nbsp;<\/div>\n\t\t\t\t<\/div>\n\t\t\t\t<div class=\"gwolle_gb_antispam\">\n\t\t\t\t\t<div class=\"label\">\n\t\t\t\t\t\t<label for=\"gwolle_gb_684a96f86201b0d43f573c6f72e05104\" class=\"text-info\">Frage: Wie lautete das IATA Kurzzeichen der Swissair <span class=\"required\">*<\/span><\/label>\n\t\t\t\t\t<\/div>\n\t\t\t\t\t<div class=\"input\"><input class=\"gwolle_gb_684a96f86201b0d43f573c6f72e05104\" value=\"\" type=\"text\" name=\"gwolle_gb_684a96f86201b0d43f573c6f72e05104\" required \/>\n\t\t\t\t\t\t<\/div>\n\t\t\t\t\t\t<div class=\"clearBoth\">&nbsp;<\/div>\n\t\t\t\t\t<\/div>\n\t\t\t\t<div class=\"gwolle_gb_privacy\">\n\t\t\t\t\t<div class=\"label\"><label for=\"gwolle_gb_privacy\" class=\"text-info\">I accept the <a href=\"http:\/\/www.swissair-grounding.net\/index.php\/datenschutzerklaerung\/\" title=\"Read the Privacy Policy\" target=\"_blank\">Privacy Policy<\/a> <span class=\"required\">*<\/span><\/label><\/div>\n\t\t\t\t\t<div class=\"input\"><input type=\"checkbox\" name=\"gwolle_gb_privacy\" class=\"gwolle_gb_privacy\" required \/><\/div>\n\t\t\t\t\t<div class=\"clearBoth\">&nbsp;<\/div>\n\t\t\t\t<\/div><input type=\"hidden\" class=\"gwolle_gb_ac2beb75fe1c974a68c87f9c7672d2ca\" name=\"gwolle_gb_ac2beb75fe1c974a68c87f9c7672d2ca\" value=\"aa1ce11c8d\" \/>\n\t\t\t<div class=\"gwolle_gb_messages_bottom_container\"><\/div>\n\n\t\t\t<noscript><div class=\"no-js\">Warning: This form can only be used if JavaScript is enabled in your browser.<\/div><\/noscript>\n\n\t\t\t<div class=\"gwolle_gb_submit\">\n\t\t\t\t<div class=\"label gwolle-gb-invisible text-muted\">&nbsp;<\/div>\n\t\t\t\t<div class=\"input\">\n\t\t\t\t\t<input type=\"submit\" name=\"gwolle_gb_submit\" class=\"gwolle_gb_submit button btn btn-primary \" value=\"Absenden\" \/>\n\t\t\t\t\t<span class=\"gwolle_gb_submit_ajax_icon\"><\/span>\n\t\t\t\n\t\t\t\t<\/div>\n\t\t\t\t<div class=\"clearBoth\">&nbsp;<\/div>\n\t\t\t<\/div>\n\n\t\t\t<div class=\"gwolle_gb_notice\">\n\t\t\t\tFields marked with * are required.<br \/>\r\nYour E-mail address won&#039;t be published.<br \/>\r\nIt&#039;s possible that your entry will only be visible in the guestbook after we reviewed it.<br \/>\r\nWe reserve the right to edit, delete, or not publish entries.\n\t\t\t<\/div><\/form>\n\t\t\t\t<div class=\"page-navigation\">\n\t\t\t\t\t<span class=\"screen-reader-text\">Guestbook list navigation<\/span><span class=\"page-numbers current\">1<\/span><a href=\"http:\/\/www.swissair-grounding.net\/index.php\/guestbook\/?pageNum=2\" title=\"Seite 2\">2<\/a><a href=\"http:\/\/www.swissair-grounding.net\/index.php\/guestbook\/?pageNum=3\" title=\"Seite 3\">3<\/a><a href=\"http:\/\/www.swissair-grounding.net\/index.php\/guestbook\/?pageNum=4\" title=\"Seite 4\">4<\/a><a href=\"http:\/\/www.swissair-grounding.net\/index.php\/guestbook\/?pageNum=5\" title=\"Seite 5\">5<\/a><span class=\"page-numbers dots\">...<\/span><a href=\"http:\/\/www.swissair-grounding.net\/index.php\/guestbook\/?pageNum=6\" title=\"Seite 6\">6<\/a><a href=\"http:\/\/www.swissair-grounding.net\/index.php\/guestbook\/?pageNum=2\" title=\"N\u00e4chste Seite\" rel=\"next\">&rarr;<\/a><\/div>\n\t\t<div class=\"gwolle-gb-read gwolle-gb-ajax gwolle-gb-entries-list\" data-book_id=\"1\" data-page_id=\"1\">\n\t\t<div id=\"gwolle-gb-total\" class=\"gwolle-gb-total\">28 Eintr\u00e4ge.<\/div><!-- Gwolle-GB Entry: Default Template Loaded -->\n\t\t\t\t<div class=\"gb-entry gb-entry_29 gb-entry-count_1 gwolle_gb_uneven gwolle-gb-uneven gwolle-gb-first\" data-entry_id=\"29\">\n\t\t\t\t<article>\n\t\t\t\t\t<div class=\"gb-author-info\">\n\t\t\t\t\t\t<span class=\"gb-author-avatar\"><img referrerpolicy=\"no-referrer\" alt='adminsr' src='http:\/\/2.gravatar.com\/avatar\/5887207433d2feb13c2775520b96d787?s=32&#038;d=blank&#038;r=g' srcset='http:\/\/2.gravatar.com\/avatar\/5887207433d2feb13c2775520b96d787?s=64&#038;d=blank&#038;r=g 2x' class='avatar avatar-32 photo' height='32' width='32' \/><\/span>\n\t\t\t\t\t\t<span class=\"gb-author-name\"><a href=\"http:\/\/www.swissair-grounding.net\" target=\"_blank\" rel=\"nofollow noopener noreferrer\"\n\t\t\t\t\t\t\ttitle=\"Besuchen Sie die Website von adminsr: http:\/\/www.swissair-grounding.net\"><i class=\"gb-moderator\">adminsr<\/i><\/a>\n\t\t\t\t\t\t<\/span>\n\t\t\t\t\t\t<span class=\"gb-datetime\">\n\t\t\t\t\t\t\t<span class=\"gb-date\"><span class=\"gb-date-wrote-text\"> schrieb am<\/span><span class=\"gb-date-text\"> 2019-11-28<\/span>\n\t\t\t\t\t\t\t<\/span><span class=\"gb-time\">\n\t\t\t\t\t\t\t\t\t<span class=\"gb-time-at-text\"> um<\/span>\n\t\t\t\t\t\t\t\t\t<span class=\"gb-time-text\"> 13:48<\/span>\n\t\t\t\t\t\t\t\t<\/span>\n\t\t\t\t\t\t<\/span> \n\t\t\t\t\t<\/div>\n\t\t\t\t\t<div class=\"gb-entry-content\">Willkommen zum neuen Design des G\u00e4stebuchs! \u00c4ltere Eintr\u00e4ge finden Sie untenstehend. Wir freuen uns auf Ihr Feedback und Ihre R\u00fcckmeldung. Einfach den Button anklicken und loslegen!\n\t\t\t\t\t<\/div>\n\t\t\t\t<\/article>\n\t\t\t<\/div>\n\t\t\t<div class=\"gb-entry gb-entry_28 gb-entry-count_2 gwolle_gb_even gwolle-gb-even\" data-entry_id=\"28\">\n\t\t\t\t<article>\n\t\t\t\t\t<div class=\"gb-author-info\">\n\t\t\t\t\t\t<span class=\"gb-author-avatar\"><img referrerpolicy=\"no-referrer\" alt='Mike Blue' src='http:\/\/2.gravatar.com\/avatar\/5887207433d2feb13c2775520b96d787?s=32&#038;d=blank&#038;r=g' srcset='http:\/\/2.gravatar.com\/avatar\/5887207433d2feb13c2775520b96d787?s=64&#038;d=blank&#038;r=g 2x' class='avatar avatar-32 photo' height='32' width='32' \/><\/span>\n\t\t\t\t\t\t<span class=\"gb-author-name\"><i class=\"gb-moderator\">Mike Blue<\/i>\n\t\t\t\t\t\t<\/span>\n\t\t\t\t\t\t<span class=\"gb-datetime\">\n\t\t\t\t\t\t\t<span class=\"gb-date\"><span class=\"gb-date-wrote-text\"> schrieb am<\/span><span class=\"gb-date-text\"> 2015-10-08<\/span>\n\t\t\t\t\t\t\t<\/span><span class=\"gb-time\">\n\t\t\t\t\t\t\t\t\t<span class=\"gb-time-at-text\"> um<\/span>\n\t\t\t\t\t\t\t\t\t<span class=\"gb-time-text\"> 13:45<\/span>\n\t\t\t\t\t\t\t\t<\/span>\n\t\t\t\t\t\t<\/span> \n\t\t\t\t\t<\/div>\n\t\t\t\t\t<div class=\"gb-entry-content\">Eine spannende Lekt\u00fcre, auch 10 Jahre nach des Autors &#034;Initial Public Offering&#034; hat sie ihre Daseinsberechtigung und bringt uns wieder so einiges in Erinnerung. Danke f\u00fcr die Aufrechterhaltung der Website!\n\t\t\t\t\t<\/div>\n\t\t\t\t<\/article>\n\t\t\t<\/div>\n\t\t\t<div class=\"gb-entry gb-entry_30 gb-entry-count_3 gwolle_gb_uneven gwolle-gb-uneven\" data-entry_id=\"30\">\n\t\t\t\t<article>\n\t\t\t\t\t<div class=\"gb-author-info\">\n\t\t\t\t\t\t<span class=\"gb-author-avatar\"><img referrerpolicy=\"no-referrer\" alt='Maibach Hans-Ruedi' src='http:\/\/2.gravatar.com\/avatar\/5887207433d2feb13c2775520b96d787?s=32&#038;d=blank&#038;r=g' srcset='http:\/\/2.gravatar.com\/avatar\/5887207433d2feb13c2775520b96d787?s=64&#038;d=blank&#038;r=g 2x' class='avatar avatar-32 photo' height='32' width='32' \/><\/span>\n\t\t\t\t\t\t<span class=\"gb-author-name\"><i class=\"gb-moderator\">Maibach Hans-Ruedi<\/i>\n\t\t\t\t\t\t<\/span>\n\t\t\t\t\t\t<span class=\"gb-datetime\">\n\t\t\t\t\t\t\t<span class=\"gb-date\"><span class=\"gb-date-wrote-text\"> schrieb am<\/span><span class=\"gb-date-text\"> 2014-03-02<\/span>\n\t\t\t\t\t\t\t<\/span><span class=\"gb-time\">\n\t\t\t\t\t\t\t\t\t<span class=\"gb-time-at-text\"> um<\/span>\n\t\t\t\t\t\t\t\t\t<span class=\"gb-time-text\"> 18:26<\/span>\n\t\t\t\t\t\t\t\t<\/span>\n\t\t\t\t\t\t<\/span> \n\t\t\t\t\t<\/div>\n\t\t\t\t\t<div class=\"gb-entry-content\">Herzlichen Dank den Betreibern dieser Webseite. Es ist gut, dass es auch nach den Jahren seit dem unn\u00f6tigen Grounding diese Webseite und diese neutralen Berichten noch gibt und gelesen werden k\u00f6nnen. Die heutige Situation der Banken zeigt, dass sich die Arogants einiger CIO Bankverantwortlichen bis heute nicht ver\u00e4ndert hat.\n\t\t\t\t\t<\/div>\n\t\t\t\t<\/article>\n\t\t\t<\/div>\n\t\t\t<div class=\"gb-entry gb-entry_27 gb-entry-count_4 gwolle_gb_even gwolle-gb-even\" data-entry_id=\"27\">\n\t\t\t\t<article>\n\t\t\t\t\t<div class=\"gb-author-info\">\n\t\t\t\t\t\t<span class=\"gb-author-avatar\"><img referrerpolicy=\"no-referrer\" alt='Andreas M\u00fcller' src='http:\/\/2.gravatar.com\/avatar\/5887207433d2feb13c2775520b96d787?s=32&#038;d=blank&#038;r=g' srcset='http:\/\/2.gravatar.com\/avatar\/5887207433d2feb13c2775520b96d787?s=64&#038;d=blank&#038;r=g 2x' class='avatar avatar-32 photo' height='32' width='32' \/><\/span>\n\t\t\t\t\t\t<span class=\"gb-author-name\"><i class=\"gb-moderator\">Andreas M\u00fcller<\/i>\n\t\t\t\t\t\t<\/span>\n\t\t\t\t\t\t<span class=\"gb-datetime\">\n\t\t\t\t\t\t\t<span class=\"gb-date\"><span class=\"gb-date-wrote-text\"> schrieb am<\/span><span class=\"gb-date-text\"> 2010-03-10<\/span>\n\t\t\t\t\t\t\t<\/span><span class=\"gb-time\">\n\t\t\t\t\t\t\t\t\t<span class=\"gb-time-at-text\"> um<\/span>\n\t\t\t\t\t\t\t\t\t<span class=\"gb-time-text\"> 9:06<\/span>\n\t\t\t\t\t\t\t\t<\/span>\n\t\t\t\t\t\t<\/span> \n\t\t\t\t\t<\/div>\n\t\t\t\t\t<div class=\"gb-entry-content\">Der Artikel tut mir soooo gut! Die langen Erniedrigungen, die leider etliche Swissairler gegen\u00fcber Crossair aus\u00fcbten, haben sich ger\u00e4cht und dieser Filz nahm \u00fcbler Rache an der Z\u00fcrcher Airline. Ich finde es sch\u00f6n und gut, dass dies mal so klar geschrieben wird, mit all den Jahren unter Dose&#039;s Misswirtschaft.\n\t\t\t\t\t<\/div>\n\t\t\t\t<\/article>\n\t\t\t<\/div>\n\t\t\t<div class=\"gb-entry gb-entry_26 gb-entry-count_5 gwolle_gb_uneven gwolle-gb-uneven\" data-entry_id=\"26\">\n\t\t\t\t<article>\n\t\t\t\t\t<div class=\"gb-author-info\">\n\t\t\t\t\t\t<span class=\"gb-author-avatar\"><img referrerpolicy=\"no-referrer\" alt='Michael Felsen' src='http:\/\/2.gravatar.com\/avatar\/5887207433d2feb13c2775520b96d787?s=32&#038;d=blank&#038;r=g' srcset='http:\/\/2.gravatar.com\/avatar\/5887207433d2feb13c2775520b96d787?s=64&#038;d=blank&#038;r=g 2x' class='avatar avatar-32 photo' height='32' width='32' \/><\/span>\n\t\t\t\t\t\t<span class=\"gb-author-name\"><i class=\"gb-moderator\">Michael Felsen<\/i>\n\t\t\t\t\t\t<\/span>\n\t\t\t\t\t\t<span class=\"gb-datetime\">\n\t\t\t\t\t\t\t<span class=\"gb-date\"><span class=\"gb-date-wrote-text\"> schrieb am<\/span><span class=\"gb-date-text\"> 2008-09-11<\/span>\n\t\t\t\t\t\t\t<\/span><span class=\"gb-time\">\n\t\t\t\t\t\t\t\t\t<span class=\"gb-time-at-text\"> um<\/span>\n\t\t\t\t\t\t\t\t\t<span class=\"gb-time-text\"> 17:22<\/span>\n\t\t\t\t\t\t\t\t<\/span>\n\t\t\t\t\t\t<\/span> \n\t\t\t\t\t<\/div>\n\t\t\t\t\t<div class=\"gb-entry-content\">Erst einmal Respekt gegen\u00fcber dem Betreiber dieser Webseite, deren Objektivit\u00e4t Beispiehaft ist. Ich habe meine Wirtschafts-Diplomarbeit \u00fcber die Gr\u00fcnde des Swissair Untergangs geschrieben und kann nach einem Jahr Recherche sagen, dass die wirklichen Gr\u00fcnde f\u00fcr die Pleite teilweise noch in der Zeit vor Brugisser liegen. Sie sind begr\u00fcndet in einer gewissen Arroganz der Manager, ein Beitritt der StarAllianz h\u00e4tte der Swissair vermutlich Luft zur Sanierung verschafft, sowie mangelndem Reformwillen und fehlendem Willen zur Reform. Nach meinen Recherchen ist die Pleite im Zusammenspiel mehrerer Wirtschaftsbosse zu suchen. Es gibt aber 2 Personen die ganz sicher nicht Schuld sind. Zuerst Mario &#034;der L\u00f6we&#034; Corti, der versucht hat zu retten was schon nicht mehr zu retten war und auch der Oppotunist und Trittbrettfahrer Suter, der nur den eigenen Vorteil und die Chance zum gro\u00dfen Wurf f\u00fcr sich sah. Gr\u00fc\u00dfe in d&#039; Schwiiz! Michael\n\t\t\t\t\t<\/div>\n\t\t\t\t<\/article>\n\t\t\t<\/div>\n\t\t\t<\/div>\n\t\t\t\t<div class=\"page-navigation\">\n\t\t\t\t\t<span class=\"screen-reader-text\">Guestbook list navigation<\/span><span class=\"page-numbers current\">1<\/span><a href=\"http:\/\/www.swissair-grounding.net\/index.php\/guestbook\/?pageNum=2\" title=\"Seite 2\">2<\/a><a href=\"http:\/\/www.swissair-grounding.net\/index.php\/guestbook\/?pageNum=3\" title=\"Seite 3\">3<\/a><a href=\"http:\/\/www.swissair-grounding.net\/index.php\/guestbook\/?pageNum=4\" title=\"Seite 4\">4<\/a><a href=\"http:\/\/www.swissair-grounding.net\/index.php\/guestbook\/?pageNum=5\" title=\"Seite 5\">5<\/a><span class=\"page-numbers dots\">...<\/span><a href=\"http:\/\/www.swissair-grounding.net\/index.php\/guestbook\/?pageNum=6\" title=\"Seite 6\">6<\/a><a href=\"http:\/\/www.swissair-grounding.net\/index.php\/guestbook\/?pageNum=2\" title=\"N\u00e4chste Seite\" rel=\"next\">&rarr;<\/a><\/div>\n\t\t<\/div>\n\n\n\n<p><\/p>\n","protected":false},"excerpt":{"rendered":"","protected":false},"author":1,"featured_media":0,"parent":0,"menu_order":0,"comment_status":"closed","ping_status":"closed","template":"","meta":{"footnotes":""},"_links":{"self":[{"href":"http:\/\/www.swissair-grounding.net\/index.php\/wp-json\/wp\/v2\/pages\/91"}],"collection":[{"href":"http:\/\/www.swissair-grounding.net\/index.php\/wp-json\/wp\/v2\/pages"}],"about":[{"href":"http:\/\/www.swissair-grounding.net\/index.php\/wp-json\/wp\/v2\/types\/page"}],"author":[{"embeddable":true,"href":"http:\/\/www.swissair-grounding.net\/index.php\/wp-json\/wp\/v2\/users\/1"}],"replies":[{"embeddable":true,"href":"http:\/\/www.swissair-grounding.net\/index.php\/wp-json\/wp\/v2\/comments?post=91"}],"version-history":[{"count":0,"href":"http:\/\/www.swissair-grounding.net\/index.php\/wp-json\/wp\/v2\/pages\/91\/revisions"}],"wp:attachment":[{"href":"http:\/\/www.swissair-grounding.net\/index.php\/wp-json\/wp\/v2\/media?parent=91"}],"curies":[{"name":"wp","href":"https:\/\/api.w.org\/{rel}","templated":true}]}}