{"id":70,"date":"2019-02-07T12:15:27","date_gmt":"2019-02-07T12:15:27","guid":{"rendered":"http:\/\/grounding.bleuer.com\/?page_id=70"},"modified":"2020-01-22T20:11:34","modified_gmt":"2020-01-22T20:11:34","slug":"impressum","status":"publish","type":"page","link":"http:\/\/www.swissair-grounding.net\/index.php\/willkommen\/impressum\/","title":{"rendered":"Impressum"},"content":{"rendered":"\n<p>Textversion: 10.2 &#8212; Letzte Aktualisierung der Downloads: 2020-01-06<br><br>Rechte: Die Verwendungsrechte der Bilder auf dieser Webseite liegen vor.<br><br>Datenschutz: Die im Bereich &#171;Interaktiv&#187; \u00fcbermittelten Daten werden in keiner Weise  weiterverwendet. Besten Dank f\u00fcr Ihr Vertrauen. Die vollst\u00e4ndige Datenschutzerkl\u00e4rung finden Sie hier. <br><br> Zum Autor: S. Ehrbar (Jg. 1971) ist verheiratet und zweifacher Vater. Lizenzierter Betriebs\u00f6konom; arbeitete 10 Jahre lang in der Airline-Branche in verschiedenen Positionen. Zum Zeitpunkt des Groundings war er im Network Management der Swissair t\u00e4tig und erlebte das Grounding als Direktbetroffener hautnah mit. Danach wechselte der Autor in den Finanzbereich eines weltweit t\u00e4tigen Versicherungsunternehmens, wo er &#8211;  mit einem zweij\u00e4hrigen Unterbruch &#8211; auch heute noch t\u00e4tig ist.<\/p>\n\n\n\n<p>Webmaster: M. Bleuer<\/p>\n","protected":false},"excerpt":{"rendered":"<p>Textversion: 10.2 &#8212; Letzte Aktualisierung der Downloads: 2020-01-06 Rechte: Die Verwendungsrechte der Bilder auf dieser Webseite liegen vor. Datenschutz: Die im Bereich &#171;Interaktiv&#187; \u00fcbermittelten Daten werden in keiner Weise weiterverwendet. Besten Dank f\u00fcr Ihr Vertrauen. Die vollst\u00e4ndige Datenschutzerkl\u00e4rung finden Sie &hellip; <a href=\"http:\/\/www.swissair-grounding.net\/index.php\/willkommen\/impressum\/\">Weiterlesen <span class=\"meta-nav\">&rarr;<\/span><\/a><\/p>\n","protected":false},"author":1,"featured_media":0,"parent":6,"menu_order":0,"comment_status":"closed","ping_status":"closed","template":"","meta":{"footnotes":""},"_links":{"self":[{"href":"http:\/\/www.swissair-grounding.net\/index.php\/wp-json\/wp\/v2\/pages\/70"}],"collection":[{"href":"http:\/\/www.swissair-grounding.net\/index.php\/wp-json\/wp\/v2\/pages"}],"about":[{"href":"http:\/\/www.swissair-grounding.net\/index.php\/wp-json\/wp\/v2\/types\/page"}],"author":[{"embeddable":true,"href":"http:\/\/www.swissair-grounding.net\/index.php\/wp-json\/wp\/v2\/users\/1"}],"replies":[{"embeddable":true,"href":"http:\/\/www.swissair-grounding.net\/index.php\/wp-json\/wp\/v2\/comments?post=70"}],"version-history":[{"count":2,"href":"http:\/\/www.swissair-grounding.net\/index.php\/wp-json\/wp\/v2\/pages\/70\/revisions"}],"predecessor-version":[{"id":148,"href":"http:\/\/www.swissair-grounding.net\/index.php\/wp-json\/wp\/v2\/pages\/70\/revisions\/148"}],"up":[{"embeddable":true,"href":"http:\/\/www.swissair-grounding.net\/index.php\/wp-json\/wp\/v2\/pages\/6"}],"wp:attachment":[{"href":"http:\/\/www.swissair-grounding.net\/index.php\/wp-json\/wp\/v2\/media?parent=70"}],"curies":[{"name":"wp","href":"https:\/\/api.w.org\/{rel}","templated":true}]}}