{"id":45,"date":"2019-02-07T11:47:12","date_gmt":"2019-02-07T11:47:12","guid":{"rendered":"http:\/\/grounding.bleuer.com\/?page_id=45"},"modified":"2020-01-22T20:01:43","modified_gmt":"2020-01-22T20:01:43","slug":"inhalte-kapitel-10","status":"publish","type":"page","link":"http:\/\/www.swissair-grounding.net\/index.php\/inhalte\/inhalte-kapitel-10\/","title":{"rendered":"Inhalte Kapitel 10"},"content":{"rendered":"\n<p>10.&nbsp;Analyse und Antworten auf brennede Fragen<\/p>\n\n\n\n<p>Tiefgr\u00fcndige Analyse der Geschehnisse und der Versuch, Antworten auf noch unbeantwortete Fragen zu geben:\n<\/p>\n\n\n\n<ul><li>Ist die UBS die Hauptschuldige am Grounding?\n<\/li><li>Welche Rolle spielte Moritz Suter?\n<\/li><li>Welche Schuld trifft den Bund?\n<\/li><li>H\u00e4tte Mario Corti das Debakel verhindern k\u00f6nnen?\n<\/li><li>Hat der Bund einen ordnungspolitischen S\u00fcndenfall begangen?\n<\/li><li>W\u00e4re die Crossair ohne Swissair \u00fcberlebensf\u00e4hig gewesen?<\/li><\/ul>\n\n\n\n<p>&#8211;> direkt zur &#171;<a href=\"http:\/\/www.swissair-grounding.net\/index.php\/downloads\/\">Downloads<\/a>&#171;-Seite<\/p>\n","protected":false},"excerpt":{"rendered":"<p>10.&nbsp;Analyse und Antworten auf brennede Fragen Tiefgr\u00fcndige Analyse der Geschehnisse und der Versuch, Antworten auf noch unbeantwortete Fragen zu geben: Ist die UBS die Hauptschuldige am Grounding? Welche Rolle spielte Moritz Suter? Welche Schuld trifft den Bund? H\u00e4tte Mario Corti &hellip; <a href=\"http:\/\/www.swissair-grounding.net\/index.php\/inhalte\/inhalte-kapitel-10\/\">Weiterlesen <span class=\"meta-nav\">&rarr;<\/span><\/a><\/p>\n","protected":false},"author":1,"featured_media":0,"parent":27,"menu_order":0,"comment_status":"closed","ping_status":"closed","template":"","meta":{"footnotes":""},"_links":{"self":[{"href":"http:\/\/www.swissair-grounding.net\/index.php\/wp-json\/wp\/v2\/pages\/45"}],"collection":[{"href":"http:\/\/www.swissair-grounding.net\/index.php\/wp-json\/wp\/v2\/pages"}],"about":[{"href":"http:\/\/www.swissair-grounding.net\/index.php\/wp-json\/wp\/v2\/types\/page"}],"author":[{"embeddable":true,"href":"http:\/\/www.swissair-grounding.net\/index.php\/wp-json\/wp\/v2\/users\/1"}],"replies":[{"embeddable":true,"href":"http:\/\/www.swissair-grounding.net\/index.php\/wp-json\/wp\/v2\/comments?post=45"}],"version-history":[{"count":2,"href":"http:\/\/www.swissair-grounding.net\/index.php\/wp-json\/wp\/v2\/pages\/45\/revisions"}],"predecessor-version":[{"id":145,"href":"http:\/\/www.swissair-grounding.net\/index.php\/wp-json\/wp\/v2\/pages\/45\/revisions\/145"}],"up":[{"embeddable":true,"href":"http:\/\/www.swissair-grounding.net\/index.php\/wp-json\/wp\/v2\/pages\/27"}],"wp:attachment":[{"href":"http:\/\/www.swissair-grounding.net\/index.php\/wp-json\/wp\/v2\/media?parent=45"}],"curies":[{"name":"wp","href":"https:\/\/api.w.org\/{rel}","templated":true}]}}