{"id":43,"date":"2019-02-07T11:46:07","date_gmt":"2019-02-07T11:46:07","guid":{"rendered":"http:\/\/grounding.bleuer.com\/?page_id=43"},"modified":"2020-01-22T20:00:19","modified_gmt":"2020-01-22T20:00:19","slug":"inhalte-kapitel-7-9","status":"publish","type":"page","link":"http:\/\/www.swissair-grounding.net\/index.php\/inhalte\/inhalte-kapitel-7-9\/","title":{"rendered":"Inhalte Kapitel 7-9"},"content":{"rendered":"\n<p>7.&nbsp;&nbsp;Grounding<\/p>\n\n\n\n<p>Der Tag an dem die gesamte Swissair-Flotte zum Stillstand kam: Detaillierte Chronologie der Ereignisse.<br><\/p>\n\n\n\n<p>8.&nbsp;&nbsp;Die Tage danach<\/p>\n\n\n\n<p>Die heftige Reaktion der Medien, Politiker und der Bev\u00f6lkerung, w\u00e4hrend die Exponenten der Crossair und \nder Grossbanken untertauchten. Der Bundesrat \u00fcbernimmt das Steuer und legt den Grundstein zur heutigen Swiss.<br><\/p>\n\n\n\n<p>9.&nbsp;&nbsp;Nachwehen und Aufarbeitung<\/p>\n\n\n\n<p>Der langwierige Prozess der Aufarbeitung: Die \nUntersuchungsberichte der St\u00e4nder\u00e4tlichen Gesch\u00e4ftspr\u00fcfungskomission \n(GPK) und der Wirtschaftspr\u00fcferfirma Ernst&amp;Young, der Kino-Spielfilm\n &#171;Grounding \u2013 die letzten Tage der Swissair&#187; sowie der \nStrafrechtsprozess gegen ehemalige Manager der Swissair.<\/p>\n\n\n\n<p>&#8211;> weiter zu <a href=\"http:\/\/www.swissair-grounding.net\/index.php\/inhalte\/inhalte-kapitel-10\/\">Inhalte Kapitel 10<\/a><\/p>\n","protected":false},"excerpt":{"rendered":"<p>7.&nbsp;&nbsp;Grounding Der Tag an dem die gesamte Swissair-Flotte zum Stillstand kam: Detaillierte Chronologie der Ereignisse. 8.&nbsp;&nbsp;Die Tage danach Die heftige Reaktion der Medien, Politiker und der Bev\u00f6lkerung, w\u00e4hrend die Exponenten der Crossair und der Grossbanken untertauchten. Der Bundesrat \u00fcbernimmt das &hellip; <a href=\"http:\/\/www.swissair-grounding.net\/index.php\/inhalte\/inhalte-kapitel-7-9\/\">Weiterlesen <span class=\"meta-nav\">&rarr;<\/span><\/a><\/p>\n","protected":false},"author":1,"featured_media":0,"parent":27,"menu_order":0,"comment_status":"closed","ping_status":"closed","template":"","meta":{"footnotes":""},"_links":{"self":[{"href":"http:\/\/www.swissair-grounding.net\/index.php\/wp-json\/wp\/v2\/pages\/43"}],"collection":[{"href":"http:\/\/www.swissair-grounding.net\/index.php\/wp-json\/wp\/v2\/pages"}],"about":[{"href":"http:\/\/www.swissair-grounding.net\/index.php\/wp-json\/wp\/v2\/types\/page"}],"author":[{"embeddable":true,"href":"http:\/\/www.swissair-grounding.net\/index.php\/wp-json\/wp\/v2\/users\/1"}],"replies":[{"embeddable":true,"href":"http:\/\/www.swissair-grounding.net\/index.php\/wp-json\/wp\/v2\/comments?post=43"}],"version-history":[{"count":2,"href":"http:\/\/www.swissair-grounding.net\/index.php\/wp-json\/wp\/v2\/pages\/43\/revisions"}],"predecessor-version":[{"id":144,"href":"http:\/\/www.swissair-grounding.net\/index.php\/wp-json\/wp\/v2\/pages\/43\/revisions\/144"}],"up":[{"embeddable":true,"href":"http:\/\/www.swissair-grounding.net\/index.php\/wp-json\/wp\/v2\/pages\/27"}],"wp:attachment":[{"href":"http:\/\/www.swissair-grounding.net\/index.php\/wp-json\/wp\/v2\/media?parent=43"}],"curies":[{"name":"wp","href":"https:\/\/api.w.org\/{rel}","templated":true}]}}